{"id":68,"date":"2011-04-02T16:40:27","date_gmt":"2011-04-02T20:40:27","guid":{"rendered":"https:\/\/www.hendersoncountypublicschoolsnc.org\/mckinney-vento\/"},"modified":"2026-01-06T09:50:17","modified_gmt":"2026-01-06T14:50:17","slug":"mckinney-vento-homeless-assistance-act","status":"publish","type":"page","link":"https:\/\/www.hendersoncountypublicschoolsnc.org\/mckinney-vento\/mckinney-vento-homeless-assistance-act\/","title":{"rendered":"McKinney-Vento Homeless Assistance Act"},"content":{"rendered":"<p>The McKinney-Vento Homeless Assistance Act is the primary piece of federal legislation concerning the education of children and youth experiencing homelessness in U.S. public schools. It was reauthorized in December 2015 by Title IX, Part A, of the Every Student Succeeds Act (ESSA).<\/p>\n<p><strong><a id=\"WhoQualifies\"><\/a>Who Qualifies for McKinney-Vento Services<\/strong><br \/>\nChildren and youth who lack a <strong>fixed<\/strong>, <strong>regular<\/strong> and <strong>adequate<\/strong> nighttime residence may qualify for services under the McKinney-Vento Act. Such living situations include:<\/p>\n<ul>\n<li>Doubled up with friends or relatives due to hardship or loss of housing<\/li>\n<li>Living in a hotel or motel<\/li>\n<li>Living in a shelter<\/li>\n<li>Living outside or in a campground<\/li>\n<li>Couch surfing<\/li>\n<li>Living in a residence without plumbing or electricity<\/li>\n<li>Staying in your vehicle<\/li>\n<li>Living in an abandoned building or place not meant for human habitation<\/li>\n<\/ul>\n<p><strong><a id=\"Rights\"><\/a>Rights of Children and Youth Experiencing Homelessness<\/strong><br \/>\nStudents who qualify under the McKinney-Vento Act have the right to:<\/p>\n<ul>\n<li>Enroll in school immediately, even if they are lacking documents normally required for enrollment.<\/li>\n<li>Attend classes while the school gathers necessary documentation.<\/li>\n<li>Enroll in the local school near where they are currently living, or continue attending their school of origin (the last school attended or the school that the child or youth attended when permanently housed).<\/li>\n<li>Receive transportation to and from the school of origin, if requested.<\/li>\n<li>Access all the school services available to other students.<\/li>\n<li>Receive free school meals.<\/li>\n<\/ul>\n<p><strong><a id=\"ForParents\"><\/a>For Parents and Caregivers<\/strong><br \/>\nIf any of these situations describe your current living situation, your student may be eligible for services under the McKinney-Vento Act. Please contact your school social worker or school counselor to be connected with the McKinney-Vento program.<\/p>\n<p>You may also contact Ms. Ownbey directly at 828-388-0294.<\/p>\n<p><strong><a id=\"Unaccompanied\"><\/a>For Youth on Their Own<\/strong><br \/>\nIf you are a youth living in one of the situations listed above and not in the physical custody of a parent or legal guardian, you may qualify for additional services as an unaccompanied youth. For many unaccompanied youth, school is one of the safest and most predictable factors in life. McKinney-Vento staff and school social workers are available to help you:<\/p>\n<ul>\n<li>Enroll and stay enrolled in school<\/li>\n<li>Coordinate transportation<\/li>\n<li>Connect with community resources<\/li>\n<\/ul>\n<p><strong><a id=\"Selection\"><\/a>School Selection &amp; Dispute Resolution<\/strong><br \/>\nIf a parent\/guardian\/youth disagrees on the McKinney-Vento eligibility and\/or school placement, a process is in place to appeal the decision. More information about this process can be found here:<\/p>\n<p><a href=\"https:\/\/www.hendersoncountypublicschoolsnc.org\/mckinney-vento\/files\/2026\/01\/Educational-Rights-for-Students-Experiencing-Homelessness-Eng_ADA.pdf\">Educational Rights for Students Experiencing Homelessness-Eng<\/a><\/p>\n<p><a href=\"https:\/\/www.hendersoncountypublicschoolsnc.org\/mckinney-vento\/files\/2026\/01\/Todo-nino-merece-una-educacion-estable-y-de-la-mas-alta-calidad-ADA.pdf\">Todo ni\u00f1o merece una educaci\u00f3n estable y de la m\u00e1s alta calidad<\/a><\/p>\n<p>&nbsp;<\/p>\n<p><strong>Access\u00a0<a href=\"https:\/\/hepnc.uncg.edu\/law-guidance\/\" target=\"_blank\" rel=\"noopener\">the McKinney- Vento law<\/a> in\u00a0full text.<\/strong><\/p>\n<p><strong>Access\u00a0<a href=\"https:\/\/www.ed.gov\/esea\" target=\"_blank\" rel=\"noopener\">the Every Student Succeeds Act<\/a>.<\/strong><\/p>\n","protected":false},"excerpt":{"rendered":"<p>The McKinney-Vento Homeless Assistance Act is the primary piece of federal legislation concerning the education of children and youth experiencing homelessness in U.S. public schools. It was reauthorized in December 2015 by Title IX, Part A, of the Every Student Succeeds Act (ESSA). Who Qualifies for McKinney-Vento Services Children and youth who lack a fixed, [&hellip;]<\/p>\n","protected":false},"author":5,"featured_media":0,"parent":0,"menu_order":8,"comment_status":"closed","ping_status":"closed","template":"","meta":{"_acf_changed":false,"footnotes":""},"class_list":["post-68","page","type-page","status-publish","hentry"],"acf":[],"_links":{"self":[{"href":"https:\/\/www.hendersoncountypublicschoolsnc.org\/mckinney-vento\/wp-json\/wp\/v2\/pages\/68","targetHints":{"allow":["GET"]}}],"collection":[{"href":"https:\/\/www.hendersoncountypublicschoolsnc.org\/mckinney-vento\/wp-json\/wp\/v2\/pages"}],"about":[{"href":"https:\/\/www.hendersoncountypublicschoolsnc.org\/mckinney-vento\/wp-json\/wp\/v2\/types\/page"}],"author":[{"embeddable":true,"href":"https:\/\/www.hendersoncountypublicschoolsnc.org\/mckinney-vento\/wp-json\/wp\/v2\/users\/5"}],"replies":[{"embeddable":true,"href":"https:\/\/www.hendersoncountypublicschoolsnc.org\/mckinney-vento\/wp-json\/wp\/v2\/comments?post=68"}],"version-history":[{"count":9,"href":"https:\/\/www.hendersoncountypublicschoolsnc.org\/mckinney-vento\/wp-json\/wp\/v2\/pages\/68\/revisions"}],"predecessor-version":[{"id":853,"href":"https:\/\/www.hendersoncountypublicschoolsnc.org\/mckinney-vento\/wp-json\/wp\/v2\/pages\/68\/revisions\/853"}],"wp:attachment":[{"href":"https:\/\/www.hendersoncountypublicschoolsnc.org\/mckinney-vento\/wp-json\/wp\/v2\/media?parent=68"}],"curies":[{"name":"wp","href":"https:\/\/api.w.org\/{rel}","templated":true}]}}