{"id":4413,"date":"2021-01-18T10:49:40","date_gmt":"2021-01-18T15:49:40","guid":{"rendered":"https:\/\/www.hendersoncountypublicschoolsnc.org\/fle\/?page_id=4413"},"modified":"2021-01-18T11:06:01","modified_gmt":"2021-01-18T16:06:01","slug":"january-18-monday-message","status":"publish","type":"page","link":"https:\/\/www.hendersoncountypublicschoolsnc.org\/fle\/january-18-monday-message\/","title":{"rendered":"January 18 Monday Message"},"content":{"rendered":"<h1>January 18, 2021<\/h1>\n<h2><strong>Yearbooks for Sale<\/strong><\/h2>\n<p><a href=\"https:\/\/www.hendersoncountypublicschoolsnc.org\/fle\/files\/2021\/01\/Yearbook-Flyer-abbrown-hcpsnc-org-Henderson-County-Public-Schools-Mail.png\"><img loading=\"lazy\" decoding=\"async\" class=\"wp-image-4415 alignright\" src=\"https:\/\/www.hendersoncountypublicschoolsnc.org\/fle\/files\/2021\/01\/Yearbook-Flyer-abbrown-hcpsnc-org-Henderson-County-Public-Schools-Mail-300x230.png\" alt=\"Lifetouch add photo with the words &quot;Order your yearbook today!&quot;\" width=\"172\" height=\"132\" srcset=\"https:\/\/www.hendersoncountypublicschoolsnc.org\/fle\/files\/2021\/01\/Yearbook-Flyer-abbrown-hcpsnc-org-Henderson-County-Public-Schools-Mail-300x230.png 300w, https:\/\/www.hendersoncountypublicschoolsnc.org\/fle\/files\/2021\/01\/Yearbook-Flyer-abbrown-hcpsnc-org-Henderson-County-Public-Schools-Mail-768x589.png 768w, https:\/\/www.hendersoncountypublicschoolsnc.org\/fle\/files\/2021\/01\/Yearbook-Flyer-abbrown-hcpsnc-org-Henderson-County-Public-Schools-Mail-705x541.png 705w, https:\/\/www.hendersoncountypublicschoolsnc.org\/fle\/files\/2021\/01\/Yearbook-Flyer-abbrown-hcpsnc-org-Henderson-County-Public-Schools-Mail-450x345.png 450w, https:\/\/www.hendersoncountypublicschoolsnc.org\/fle\/files\/2021\/01\/Yearbook-Flyer-abbrown-hcpsnc-org-Henderson-County-Public-Schools-Mail.png 798w\" sizes=\"auto, (max-width: 172px) 100vw, 172px\" \/><\/a>Yearbooks are for sale until February 20th!\u00a0 We will all want to look back on this crazy year of challenges and perseverance.\u00a0 A portion of yearbook sales is returned to Fletcher in support of our school.<\/p>\n<p>Go to <a href=\"http:\/\/ybpay.lifetouch.com\">http:\/\/ybpay.lifetouch.com<\/a> to purchase a yearbook. The code for our school is <span style=\"\"><strong>8480221.<\/strong><\/span><\/p>\n<h2><strong>Mid-Year i-Ready Math Data<\/strong><\/h2>\n<p><a href=\"https:\/\/www.hendersoncountypublicschoolsnc.org\/fle\/files\/2021\/01\/Untitled-drawing.png\"><img loading=\"lazy\" decoding=\"async\" class=\"wp-image-4433 alignleft\" src=\"https:\/\/www.hendersoncountypublicschoolsnc.org\/fle\/files\/2021\/01\/Untitled-drawing-298x300.png\" alt=\"Fireworks and the Fletcher Fox Log with the word, &quot;Celebrate!&quot;\" width=\"232\" height=\"233\" srcset=\"https:\/\/www.hendersoncountypublicschoolsnc.org\/fle\/files\/2021\/01\/Untitled-drawing-298x300.png 298w, https:\/\/www.hendersoncountypublicschoolsnc.org\/fle\/files\/2021\/01\/Untitled-drawing-80x80.png 80w, https:\/\/www.hendersoncountypublicschoolsnc.org\/fle\/files\/2021\/01\/Untitled-drawing-36x36.png 36w, https:\/\/www.hendersoncountypublicschoolsnc.org\/fle\/files\/2021\/01\/Untitled-drawing-180x180.png 180w, https:\/\/www.hendersoncountypublicschoolsnc.org\/fle\/files\/2021\/01\/Untitled-drawing-120x120.png 120w, https:\/\/www.hendersoncountypublicschoolsnc.org\/fle\/files\/2021\/01\/Untitled-drawing-450x453.png 450w, https:\/\/www.hendersoncountypublicschoolsnc.org\/fle\/files\/2021\/01\/Untitled-drawing.png 679w\" sizes=\"auto, (max-width: 232px) 100vw, 232px\" \/><\/a>Even though we are only half way through the school year, and despite the challenges that we have faced this year, we have a lot to celebrate!\u00a0 Teachers, parents, and community partners have worked very hard to keep our students growing&#8230; <strong>and it is working<\/strong>!!!<\/p>\n<h3>142 students at Fletcher have already met their growth target <strong><em>for\u00a0<\/em><\/strong><strong><em>the end of the year<\/em><\/strong>!\u00a0 That&#8217;s 31% of our school!<\/h3>\n<h3>24 of those students have even grown two or more grade levels in their math!<\/h3>\n<h2><strong>Wildly Important Wednesdays Updates<\/strong><\/h2>\n<p>We have started two new Wildly Important Wednesday activities.\u00a0 Please look for these on Wednesdays!<\/p>\n<ul>\n<li><strong>Writing Wednesdays<\/strong>:\u00a0 Each week, Mrs. Deaver will be sharing students&#8217; #FletcherFantastic writing on the Wednesday Morning Announcements.\u00a0 Teachers are submitting writing that they are #FletcherProud of!<\/li>\n<li><strong>Habits at Home<\/strong>:\u00a0 Each Wednesday, we are sharing an activity parents can use at home to incorporate one of the 7 habits.\u00a0 These are shared on our school Facebook Page, which can be found here:\u00a0 <a href=\"https:\/\/www.facebook.com\/FletcherElementary\">https:\/\/www.facebook.com\/FletcherElementary<\/a>.<\/li>\n<\/ul>\n<h2><strong>Remote Learning Technology Support for Students and Families<\/strong><\/h2>\n<ul>\n<li>Contact the HCPS Technology Hotline 828-435-3480\u00a0or email\u00a0LearnFromHome@hcpsnc.org.<\/li>\n<li>Check out the following link for information from our Instructional Technology department to help families with remote learning needs:\u00a0\u00a0Remote Learning Technology Support for Students and Families.<\/li>\n<li>For specific issues with connecting to your child\u2019s Google Classroom or Google Meets, please email your child\u2019s teacher.<\/li>\n<\/ul>\n<h2>Apoyo tecnol\u00f3gico para el hogar para Padres y tutores en varios idiomas<\/h2>\n<ul>\n<li>Queremos brindarle informaci\u00f3n que lo ayudar\u00e1 a apoyar a su hijo cuando use una Chromebook en casa durante el per\u00edodo de \u201cLearn from home\u201d (Aprende desde tu casa).<\/li>\n<li>La \u201cMesa de ayuda de Learn from Home\u201d se ha ampliado para ofrecer una l\u00ednea telef\u00f3nica dedicada a apoyo t\u00e9cnico para estudiantes y familias en varios idiomas.<\/li>\n<li>Usted puede pedir ayuda en Espa\u00f1ol llamando al 828-435-3480 o enviando un correo electr\u00f3nico a learnfromhome@hcpsnc.org<\/li>\n<\/ul>\n","protected":false},"excerpt":{"rendered":"<p>January 18, 2021 Yearbooks for Sale Yearbooks are for sale until February 20th!\u00a0 We will all want to look back on this crazy year of challenges and perseverance.\u00a0 A portion of yearbook sales is returned to Fletcher in support of our school. Go to http:\/\/ybpay.lifetouch.com to purchase a yearbook. The code for our school is [&hellip;]<\/p>\n","protected":false},"author":295,"featured_media":0,"parent":0,"menu_order":0,"comment_status":"closed","ping_status":"closed","template":"","meta":{"_acf_changed":false,"footnotes":""},"class_list":["post-4413","page","type-page","status-publish","hentry"],"acf":[],"_links":{"self":[{"href":"https:\/\/www.hendersoncountypublicschoolsnc.org\/fle\/wp-json\/wp\/v2\/pages\/4413","targetHints":{"allow":["GET"]}}],"collection":[{"href":"https:\/\/www.hendersoncountypublicschoolsnc.org\/fle\/wp-json\/wp\/v2\/pages"}],"about":[{"href":"https:\/\/www.hendersoncountypublicschoolsnc.org\/fle\/wp-json\/wp\/v2\/types\/page"}],"author":[{"embeddable":true,"href":"https:\/\/www.hendersoncountypublicschoolsnc.org\/fle\/wp-json\/wp\/v2\/users\/295"}],"replies":[{"embeddable":true,"href":"https:\/\/www.hendersoncountypublicschoolsnc.org\/fle\/wp-json\/wp\/v2\/comments?post=4413"}],"version-history":[{"count":0,"href":"https:\/\/www.hendersoncountypublicschoolsnc.org\/fle\/wp-json\/wp\/v2\/pages\/4413\/revisions"}],"wp:attachment":[{"href":"https:\/\/www.hendersoncountypublicschoolsnc.org\/fle\/wp-json\/wp\/v2\/media?parent=4413"}],"curies":[{"name":"wp","href":"https:\/\/api.w.org\/{rel}","templated":true}]}}