{"id":10,"date":"2011-02-14T01:14:48","date_gmt":"2011-02-14T06:14:48","guid":{"rendered":"https:\/\/www.hendersoncountypublicschoolsnc.org\/esl-migrant\/"},"modified":"2024-02-13T10:11:21","modified_gmt":"2024-02-13T15:11:21","slug":"programa-de-educacion-para-migrantes","status":"publish","type":"page","link":"https:\/\/www.hendersoncountypublicschoolsnc.org\/esl-migrant\/version-en-espanol\/programa-de-educacion-para-migrantes\/","title":{"rendered":"Programa de Educacion para Migrantes"},"content":{"rendered":"<p>El <strong>Programa de Educacion para Migrantes de las Escuelas P\u00fablicas del Condado de Henderson<\/strong> esta dise\u00f1ado para mejorar las oportunidades educacionales de los ni\u00f1os migrantes quienes frecuentemente cambian de escuela y normalmente faltan de la escuela a causa del estilo de trabajo transitorio de los padres. El personal trabaja en conjunto con las escuelas, los padres, y los servicios de salud y servicios sociales, y con la comunidad para identificar y servir a familias migrantes. El programa ofrece apoyo acad\u00e9mico y se enfoca en las necesidades familiares.<\/p>\n<h2>Elegibilidad<\/h2>\n<p>El programa sirve a ni\u00f1os entre las edades 3-21 quienes sus padres o tutores son empleados y buscan empleo temporal en las siguientes \u00e1reas:<\/p>\n<ul>\n<li>Producci\u00f3n o procesando de Cosechas Granja<\/li>\n<li>Lecher\u00eda, aves de corral, o ganado<\/li>\n<li>Cultivaci\u00f3n y cosecha de \u00c1rboles, Arbustos, o plantas<\/li>\n<li>Pescando o Granjer\u00eda de Pescados<\/li>\n<\/ul>\n<h2>Tipos de Servicio<\/h2>\n<p>Algunos de los servicios dados a los estudiantes migrantes y sus familias incluyen:<\/p>\n<p>Programas de ayuda incluyendo instrucci\u00f3n en Ingles como Segundo Lenguaje (ESL) basado en la necesidad del estudiante<\/p>\n<p>Trabajo Social y Servicios de Apoyo Familiares.<\/p>\n<ul>\n<li>Referir a Cuidados de Salud<\/li>\n<li>Consejer\u00eda y Gu\u00edas<\/li>\n<\/ul>\n<p>Programas de enriquecimiento como viajes, y informaci\u00f3n de carreras.<\/p>\n<p>Para m\u00e1s informaci\u00f3n, por favor contacten a German Ruiz, 828.388.2881.<\/p>\n","protected":false},"excerpt":{"rendered":"<p>El Programa de Educacion para Migrantes de las Escuelas P\u00fablicas del Condado de Henderson esta dise\u00f1ado para mejorar las oportunidades educacionales de los ni\u00f1os migrantes quienes frecuentemente cambian de escuela y normalmente faltan de la escuela a causa del estilo de trabajo transitorio de los padres. El personal trabaja en conjunto con las escuelas, los [&hellip;]<\/p>\n","protected":false},"author":4,"featured_media":0,"parent":6,"menu_order":0,"comment_status":"closed","ping_status":"closed","template":"","meta":{"_acf_changed":false,"footnotes":""},"class_list":["post-10","page","type-page","status-publish","hentry"],"acf":[],"_links":{"self":[{"href":"https:\/\/www.hendersoncountypublicschoolsnc.org\/esl-migrant\/wp-json\/wp\/v2\/pages\/10","targetHints":{"allow":["GET"]}}],"collection":[{"href":"https:\/\/www.hendersoncountypublicschoolsnc.org\/esl-migrant\/wp-json\/wp\/v2\/pages"}],"about":[{"href":"https:\/\/www.hendersoncountypublicschoolsnc.org\/esl-migrant\/wp-json\/wp\/v2\/types\/page"}],"author":[{"embeddable":true,"href":"https:\/\/www.hendersoncountypublicschoolsnc.org\/esl-migrant\/wp-json\/wp\/v2\/users\/4"}],"replies":[{"embeddable":true,"href":"https:\/\/www.hendersoncountypublicschoolsnc.org\/esl-migrant\/wp-json\/wp\/v2\/comments?post=10"}],"version-history":[{"count":2,"href":"https:\/\/www.hendersoncountypublicschoolsnc.org\/esl-migrant\/wp-json\/wp\/v2\/pages\/10\/revisions"}],"predecessor-version":[{"id":867,"href":"https:\/\/www.hendersoncountypublicschoolsnc.org\/esl-migrant\/wp-json\/wp\/v2\/pages\/10\/revisions\/867"}],"up":[{"embeddable":true,"href":"https:\/\/www.hendersoncountypublicschoolsnc.org\/esl-migrant\/wp-json\/wp\/v2\/pages\/6"}],"wp:attachment":[{"href":"https:\/\/www.hendersoncountypublicschoolsnc.org\/esl-migrant\/wp-json\/wp\/v2\/media?parent=10"}],"curies":[{"name":"wp","href":"https:\/\/api.w.org\/{rel}","templated":true}]}}