{"id":13,"date":"2011-02-14T00:42:19","date_gmt":"2011-02-14T05:42:19","guid":{"rendered":"https:\/\/www.hendersoncountypublicschoolsnc.org\/elementary-education\/"},"modified":"2026-02-02T09:30:10","modified_gmt":"2026-02-02T14:30:10","slug":"kindergarten-registration","status":"publish","type":"page","link":"https:\/\/www.hendersoncountypublicschoolsnc.org\/elementary-education\/kindergarten-registration\/","title":{"rendered":"Kindergarten Registration"},"content":{"rendered":"<div style=\"padding: 10px; text-align: center; font-weight: bold; border: 2px solid #c40f3d;\">Available NOW: <a href=\"https:\/\/kreg.hcpsnc.org\">Register for Kindergarten Online<\/a><\/div>\n<p style=\"text-align: left;\">We want to welcome you and your child to Henderson County Public Schools\u00a0and hope the following information provides a smooth transition into Kindergarten and the educational experience. Please note the important dates and the information in regard to registration and immunization. If you require assistance obtaining your child&#8217;s birth certificate,\u00a0\u00a0<a href=\"https:\/\/www.vitalchek.com\/v\/\" target=\"_blank\" rel=\"noopener\">visit VitalChek.<\/a><\/p>\n<p><em>Para ayudar a inscribir a sus hijos en el k\u00ednder, llame a Enlace para Las Familias al n\u00famero telef\u00f3nico 828-388-2632.<\/em><\/p>\n<p>&nbsp;<\/p>\n<p style=\"text-align: left;\">Our Kindergarten <a href=\"https:\/\/www.hendersoncountypublicschoolsnc.org\/elementary-education\/files\/2025\/10\/Kindergarten-Registration-Frequently-Asked-Questions-1-1613764830_ADA_5_v2.pdf\">Registration Frequently Asked Questions<\/a>\u00a0(<a href=\"https:\/\/www.hendersoncountypublicschoolsnc.org\/elementary-education\/files\/2025\/07\/Spanish-Kindergarten-Registration-Frequently-Asked-Questions-1613764783_ADA_3_v2.pdf\">Frequently Asked Questions in Spanish<\/a>)\u00a0will answer some of the initial questions you may have and a <a href=\"https:\/\/www.hendersoncountypublicschoolsnc.org\/elementary-education\/files\/2021\/09\/Kindergarten-Parent-Check-List-1632922659_ADA.pdf\">Parent Checklist<\/a> (<a href=\"https:\/\/www.hendersoncountypublicschoolsnc.org\/elementary-education\/files\/2021\/09\/SPANISH-Kindergarten-Parent-Check-List-1632922673_ADA.pdf\">Parent Checklist in Spanish<\/a>) will help keep you organized during<a href=\"https:\/\/www.hendersoncountypublicschoolsnc.org\/elementary-education\/files\/2024\/01\/WYGM-Assets__Kid-1-2-1.png\"><img loading=\"lazy\" decoding=\"async\" class=\"alignright wp-image-2022 size-medium\" src=\"https:\/\/www.hendersoncountypublicschoolsnc.org\/elementary-education\/files\/2024\/01\/WYGM-Assets__Kid-1-2-1-300x282.png\" alt=\"A student smiling at the camera with a book. \" width=\"300\" height=\"282\" srcset=\"https:\/\/www.hendersoncountypublicschoolsnc.org\/elementary-education\/files\/2024\/01\/WYGM-Assets__Kid-1-2-1-300x282.png 300w, https:\/\/www.hendersoncountypublicschoolsnc.org\/elementary-education\/files\/2024\/01\/WYGM-Assets__Kid-1-2-1-1030x969.png 1030w, https:\/\/www.hendersoncountypublicschoolsnc.org\/elementary-education\/files\/2024\/01\/WYGM-Assets__Kid-1-2-1-768x722.png 768w, https:\/\/www.hendersoncountypublicschoolsnc.org\/elementary-education\/files\/2024\/01\/WYGM-Assets__Kid-1-2-1-1536x1444.png 1536w, https:\/\/www.hendersoncountypublicschoolsnc.org\/elementary-education\/files\/2024\/01\/WYGM-Assets__Kid-1-2-1-2048x1926.png 2048w, https:\/\/www.hendersoncountypublicschoolsnc.org\/elementary-education\/files\/2024\/01\/WYGM-Assets__Kid-1-2-1-1500x1411.png 1500w, https:\/\/www.hendersoncountypublicschoolsnc.org\/elementary-education\/files\/2024\/01\/WYGM-Assets__Kid-1-2-1-705x663.png 705w\" sizes=\"auto, (max-width: 300px) 100vw, 300px\" \/><\/a> the process. Please scroll to the bottom of the page for important information about school assignments, school entry age, and required documentation.<\/p>\n<h2><strong>Registration:<br \/>\n<\/strong><\/h2>\n<p style=\"text-align: left;\">Register your child <a href=\"https:\/\/kreg.hcpsnc.org\">online<\/a> for the elementary school in your district of residence. If you do not know which school district you live in, call our Transportation Department at (828) 697-4739 for help. If you need assistance with the online registration or have questions, contact the school in your district. (Contact the school in your district for their summer hours). You can also check out the <a href=\"http:\/\/www.hendersoncountync.org\/gis\/\" target=\"_blank\" rel=\"noopener\">Henderson County GIS Web Page<\/a>.<\/p>\n<h3>HCPS Elementary Schools<\/h3>\n<table>\n<tbody>\n<tr>\n<td><strong><a href=\"https:\/\/www.hendersoncountypublicschoolsnc.org\/atk\">Atkinson Elementary<\/a><\/strong><\/td>\n<td>2510 Old Kanuga Rd, Hendersonville, NC 28739<\/td>\n<td style=\"text-align: center;\">(828) 697-4755<\/td>\n<\/tr>\n<tr>\n<td><strong><a href=\"https:\/\/www.hendersoncountypublicschoolsnc.org\/bds\/\">Bruce Drysdale Elementary<\/a>*<\/strong><\/td>\n<td>71 Bearcat Blvd, Hendersonville, NC 28792<\/td>\n<td style=\"text-align: center;\">(828) 697-5568<\/td>\n<\/tr>\n<tr>\n<td><strong><a href=\"https:\/\/www.hendersoncountypublicschoolsnc.org\/ccs\/\">Clear Creek Elementary<\/a><\/strong><\/td>\n<td>737 N Clear Creek Rd, Hendersonville, NC 28792<\/td>\n<td style=\"text-align: center;\">(828) 697-4760<\/td>\n<\/tr>\n<tr>\n<td><strong><a href=\"https:\/\/www.hendersoncountypublicschoolsnc.org\/dan\/\">Dana Elementary<\/a><\/strong><\/td>\n<td>690 Ridge Rd, Hendersonville, NC 28792<\/td>\n<td style=\"text-align: center;\">(828) 685-7743<\/td>\n<\/tr>\n<tr>\n<td><strong><a href=\"https:\/\/www.hendersoncountypublicschoolsnc.org\/edn\/\">Edneyville Elementary<\/a><\/strong><\/td>\n<td>2875 Pace Rd, Hendersonville, NC 28792<\/td>\n<td style=\"text-align: center;\">(828) 685-7600<\/td>\n<\/tr>\n<tr>\n<td><strong><a href=\"https:\/\/www.hendersoncountypublicschoolsnc.org\/eto\/\">Etowah Elementary<\/a><\/strong><\/td>\n<td>320 Etowah School Road, Etowah, NC 28729<\/td>\n<td style=\"text-align: center;\">(828) 891-6560<\/td>\n<\/tr>\n<tr>\n<td><strong><a href=\"https:\/\/www.hendersoncountypublicschoolsnc.org\/fle\/\">Fletcher Elementary<\/a><\/strong><\/td>\n<td>500 Howard Gap Rd, Fletcher, NC 28732<\/td>\n<td style=\"text-align: center;\">(828) 684-0580<\/td>\n<\/tr>\n<tr>\n<td><a href=\"https:\/\/www.hendersoncountypublicschoolsnc.org\/mar\/\"><strong>Glenn C. Marlow Elementary<\/strong><\/a><\/td>\n<td>985 Butler Bridge Rd, Mills River, NC 28759<\/td>\n<td style=\"text-align: center;\">(828) 654-3225<\/td>\n<\/tr>\n<tr>\n<td><strong><a href=\"https:\/\/www.hendersoncountypublicschoolsnc.org\/hes\/\">Hendersonville Elementary<\/a>*<\/strong><\/td>\n<td>1039 Randall Cir, Hendersonville, NC 28791<\/td>\n<td style=\"text-align: center;\">(828) 697-4752<\/td>\n<\/tr>\n<tr>\n<td><strong><a href=\"https:\/\/www.hendersoncountypublicschoolsnc.org\/hil\/\">Hillandale Elementary<\/a><\/strong><\/td>\n<td>40 Preston Ln, East Flat Rock, NC 28726<\/td>\n<td style=\"text-align: center;\">(828) 697-4782<\/td>\n<\/tr>\n<tr>\n<td><a href=\"https:\/\/www.hendersoncountypublicschoolsnc.org\/mrs\/\"><strong>Mills River Elementary<\/strong><\/a><\/td>\n<td>\u00a094 School House Rd, Mills River, NC 28759<\/td>\n<td style=\"text-align: center;\">\u00a0(828) 891-6563<\/td>\n<\/tr>\n<tr>\n<td><strong><a href=\"https:\/\/www.hendersoncountypublicschoolsnc.org\/sug\/\">Sugarloaf Elementary<\/a><\/strong><\/td>\n<td>\u00a02270 Sugarloaf Rd, Hendersonville, NC 28792<\/td>\n<td style=\"text-align: center;\">\u00a0(828) 697-4600<\/td>\n<\/tr>\n<tr>\n<td><strong><a href=\"https:\/\/www.hendersoncountypublicschoolsnc.org\/upw\/\">Upward Elementary<\/a><\/strong><\/td>\n<td>45 Education Dr, Flat Rock, NC 28731<\/td>\n<td style=\"text-align: center;\">\u00a0(828) 697-4764<\/td>\n<\/tr>\n<\/tbody>\n<\/table>\n<p>* indicates the school operates on Flex Calendar schedule<\/p>\n<p style=\"text-align: left;\"><strong>Transfer or Reassignment Information:<br \/>\n<\/strong>All students should be registered at their home school district even if a parent\/guardian wishes to make a request for transfer\/reassignment to another school or to attend Hendersonville Elementary (Flex Schedule school). You can get a reassignment application at any school or\u00a0below, under &#8220;Additional Forms.&#8221; Applications for reassignment should be returned to the school requested during the month of April. Be sure to check out the Board of Public Education&#8217;s Policy\u00a0on Reassignment.<\/p>\n<h3 style=\"text-align: left;\"><strong>Forms for Kindergarten Registration:<br \/>\n<\/strong><\/h3>\n<p style=\"text-align: left;\">&#8220;Required&#8221; forms\u00a0will need to be completed and brought to your school&#8217;s Kindergarten Registration when registering your child. These documents can be filled in on your computer and printed.\u00a0&#8220;Additional&#8221; forms are for Reassignment or Early Admission requests and are optional.<\/p>\n<h4>Required Forms:<\/h4>\n<ul>\n<li><a href=\"https:\/\/www.hendersoncountypublicschoolsnc.org\/elementary-education\/files\/2011\/02\/Military-Connected-Form-English-ADA.pdf\">Military Connected Form (English)<\/a><\/li>\n<li><a href=\"https:\/\/www.hendersoncountypublicschoolsnc.org\/elementary-education\/files\/2011\/02\/Military-Connected-Form-Spanish-ADA.pdf\">Military Connected Form (Spanish)<\/a><\/li>\n<li><a href=\"https:\/\/publichealth.nc.gov\/wch\/families\/schoolhealth.htm\" target=\"_blank\" rel=\"noopener\">NCDPI Health Assessment Forms and Information (available in English and Spanish)<\/a><\/li>\n<\/ul>\n<h4>Additional Forms:<\/h4>\n<ul>\n<li><a href=\"https:\/\/www.hendersoncountypublicschoolsnc.org\/administrative-services\/reassignment\/\" target=\"_blank\" rel=\"noopener\">Reassignment Request Form<\/a><\/li>\n<li><a href=\"https:\/\/www.hendersoncountypublicschoolsnc.org\/elementary-education\/files\/2025\/07\/Request-Form-for-Early-Admission_ADA_v2.pdf\">Early Admission Request Form<\/a><\/li>\n<\/ul>\n<p><strong style=\"text-align: left;\">*Early Admission Information:<\/strong><\/p>\n<p style=\"text-align: left;\">Because of the new admission date for Kindergarten, you may be considering Early Admission for your child. This <a href=\"https:\/\/www.hendersoncountypublicschoolsnc.org\/elementary-education\/files\/2025\/07\/FlowchartforEarlyKAdmissionJanuary2019_ADA_v2.pdf\">Early Admission to Kindergarten Flow Chart<\/a>\u00a0details the order of steps required for the Early Admission process. Be sure to review North Carolina&#8217;s\u00a0<a href=\"https:\/\/simbli.eboardsolutions.com\/ePolicy\/policy.aspx?PC=KNEC-001&amp;Sch=10399&amp;S=10399&amp;C=KNEC&amp;RevNo=1.12&amp;T=A&amp;Z=P&amp;St=ADOPTED&amp;PG=6&amp;SN=true\" target=\"_blank\" rel=\"noopener\">Early Admission to Kindergarten Policy<\/a>, as well as our local\u00a0HCPS Standards for Early Admission.\u00a0If you wish to pursue Early Admission, fill out\u00a0the Early Admission Request Form\u00a0and\u00a0contact the principal of the school in your district.<\/p>\n","protected":false},"excerpt":{"rendered":"<p>Available NOW: Register for Kindergarten Online We want to welcome you and your child to Henderson County Public Schools\u00a0and hope the following information provides a smooth transition into Kindergarten and the educational experience. Please note the important dates and the information in regard to registration and immunization. If you require assistance obtaining your child&#8217;s birth [&hellip;]<\/p>\n","protected":false},"author":5,"featured_media":0,"parent":0,"menu_order":0,"comment_status":"closed","ping_status":"closed","template":"","meta":{"_acf_changed":false,"footnotes":""},"class_list":["post-13","page","type-page","status-publish","hentry"],"acf":[],"_links":{"self":[{"href":"https:\/\/www.hendersoncountypublicschoolsnc.org\/elementary-education\/wp-json\/wp\/v2\/pages\/13","targetHints":{"allow":["GET"]}}],"collection":[{"href":"https:\/\/www.hendersoncountypublicschoolsnc.org\/elementary-education\/wp-json\/wp\/v2\/pages"}],"about":[{"href":"https:\/\/www.hendersoncountypublicschoolsnc.org\/elementary-education\/wp-json\/wp\/v2\/types\/page"}],"author":[{"embeddable":true,"href":"https:\/\/www.hendersoncountypublicschoolsnc.org\/elementary-education\/wp-json\/wp\/v2\/users\/5"}],"replies":[{"embeddable":true,"href":"https:\/\/www.hendersoncountypublicschoolsnc.org\/elementary-education\/wp-json\/wp\/v2\/comments?post=13"}],"version-history":[{"count":30,"href":"https:\/\/www.hendersoncountypublicschoolsnc.org\/elementary-education\/wp-json\/wp\/v2\/pages\/13\/revisions"}],"predecessor-version":[{"id":2211,"href":"https:\/\/www.hendersoncountypublicschoolsnc.org\/elementary-education\/wp-json\/wp\/v2\/pages\/13\/revisions\/2211"}],"wp:attachment":[{"href":"https:\/\/www.hendersoncountypublicschoolsnc.org\/elementary-education\/wp-json\/wp\/v2\/media?parent=13"}],"curies":[{"name":"wp","href":"https:\/\/api.w.org\/{rel}","templated":true}]}}