{"id":2,"date":"2011-01-13T17:58:42","date_gmt":"2011-01-13T22:58:42","guid":{"rendered":"https:\/\/www.hendersoncountypublicschoolsnc.org\/dana-elementary-school\/?page_id=2"},"modified":"2024-02-07T10:15:42","modified_gmt":"2024-02-07T15:15:42","slug":"about","status":"publish","type":"page","link":"https:\/\/www.hendersoncountypublicschoolsnc.org\/dan\/about\/","title":{"rendered":"About Us"},"content":{"rendered":"<h1 style=\"text-align: center;\"><strong>About Us<\/strong><\/h1>\n<p><img loading=\"lazy\" decoding=\"async\" class=\"aligncenter wp-image-4280\" src=\"https:\/\/www.hendersoncountypublicschoolsnc.org\/dan\/files\/2011\/01\/DSC_0553-201x300.jpg\" alt=\"Student Leaders\" width=\"219\" height=\"327\" srcset=\"https:\/\/www.hendersoncountypublicschoolsnc.org\/dan\/files\/2011\/01\/DSC_0553-201x300.jpg 201w, https:\/\/www.hendersoncountypublicschoolsnc.org\/dan\/files\/2011\/01\/DSC_0553-768x1149.jpg 768w, https:\/\/www.hendersoncountypublicschoolsnc.org\/dan\/files\/2011\/01\/DSC_0553-689x1030.jpg 689w, https:\/\/www.hendersoncountypublicschoolsnc.org\/dan\/files\/2011\/01\/DSC_0553-1003x1500.jpg 1003w, https:\/\/www.hendersoncountypublicschoolsnc.org\/dan\/files\/2011\/01\/DSC_0553-471x705.jpg 471w, https:\/\/www.hendersoncountypublicschoolsnc.org\/dan\/files\/2011\/01\/DSC_0553-450x673.jpg 450w, https:\/\/www.hendersoncountypublicschoolsnc.org\/dan\/files\/2011\/01\/DSC_0553.jpg 2000w\" sizes=\"auto, (max-width: 219px) 100vw, 219px\" \/><\/p>\n<h2 style=\"text-align: center;\"><strong>Dana Elementary School Mission Statement<\/strong><\/h2>\n<p style=\"text-align: center;\">Our Mission is to work together to be and achieve our best.<br \/>\nI value myself.<br \/>\nI value others.<br \/>\nI am a Wildcat.<br \/>\nRoar!!!<br \/>\nNuestra Misi\u00f3n es trabajar unidos para alcanzar nuestro m\u00e1ximo potencial.<br \/>\nYo me valoro a mi mismo.<br \/>\nYo valoro a los dem\u00e1s.<br \/>\nSoy un Wildcat.<br \/>\nRugir!!!<\/p>\n<h2 style=\"text-align: center;\"><strong>Dana Elementary School Vision<\/strong><\/h2>\n<p style=\"text-align: center;\">Our vision is to know our worth and use our gifts to create positive change.<br \/>\nNuestra Visi\u00f3n es reconocer nuestros para crear un cambio positivo.<\/p>\n<h2 style=\"text-align: center;\"><strong>Our Core Values:<\/strong><\/h2>\n<ul>\n<li style=\"text-align: left;\">We will provide focused instruction based on North Carolina Standards.<\/li>\n<li style=\"text-align: left;\">We will create a safe, positive and nurturing climate.<\/li>\n<li style=\"text-align: left;\">We will communicate to connect students, parents, staff and community.<\/li>\n<li style=\"text-align: left;\">We will provide purposeful learning by engaging in learning experiences that meet the needs of all students<\/li>\n<li style=\"text-align: left;\">We will promote growth in all areas: academic, emotional, physical and social.<\/li>\n<\/ul>\n","protected":false},"excerpt":{"rendered":"<p>About Us Dana Elementary School Mission Statement Our Mission is to work together to be and achieve our best. I value myself. I value others. I am a Wildcat. Roar!!! Nuestra Misi\u00f3n es trabajar unidos para alcanzar nuestro m\u00e1ximo potencial. Yo me valoro a mi mismo. Yo valoro a los dem\u00e1s. Soy un Wildcat. Rugir!!! [&hellip;]<\/p>\n","protected":false},"author":5,"featured_media":0,"parent":0,"menu_order":1,"comment_status":"closed","ping_status":"closed","template":"","meta":{"_acf_changed":false,"footnotes":""},"class_list":["post-2","page","type-page","status-publish","hentry"],"acf":[],"_links":{"self":[{"href":"https:\/\/www.hendersoncountypublicschoolsnc.org\/dan\/wp-json\/wp\/v2\/pages\/2","targetHints":{"allow":["GET"]}}],"collection":[{"href":"https:\/\/www.hendersoncountypublicschoolsnc.org\/dan\/wp-json\/wp\/v2\/pages"}],"about":[{"href":"https:\/\/www.hendersoncountypublicschoolsnc.org\/dan\/wp-json\/wp\/v2\/types\/page"}],"author":[{"embeddable":true,"href":"https:\/\/www.hendersoncountypublicschoolsnc.org\/dan\/wp-json\/wp\/v2\/users\/5"}],"replies":[{"embeddable":true,"href":"https:\/\/www.hendersoncountypublicschoolsnc.org\/dan\/wp-json\/wp\/v2\/comments?post=2"}],"version-history":[{"count":4,"href":"https:\/\/www.hendersoncountypublicschoolsnc.org\/dan\/wp-json\/wp\/v2\/pages\/2\/revisions"}],"predecessor-version":[{"id":5104,"href":"https:\/\/www.hendersoncountypublicschoolsnc.org\/dan\/wp-json\/wp\/v2\/pages\/2\/revisions\/5104"}],"wp:attachment":[{"href":"https:\/\/www.hendersoncountypublicschoolsnc.org\/dan\/wp-json\/wp\/v2\/media?parent=2"}],"curies":[{"name":"wp","href":"https:\/\/api.w.org\/{rel}","templated":true}]}}