{"id":1203,"date":"2016-10-21T14:19:00","date_gmt":"2016-10-21T18:19:00","guid":{"rendered":"https:\/\/www.hendersoncountypublicschoolsnc.org\/bds\/?page_id=1203"},"modified":"2024-02-08T14:54:18","modified_gmt":"2024-02-08T19:54:18","slug":"what-is-immersion","status":"publish","type":"page","link":"https:\/\/www.hendersoncountypublicschoolsnc.org\/bds\/about\/dual-language-program-at-bruce-drysdale\/what-is-immersion\/","title":{"rendered":"What Is Immersion"},"content":{"rendered":"<h1><strong>What Is Dual Language?<\/strong><\/h1>\n<p><a href=\"https:\/\/www.hendersoncountypublicschoolsnc.org\/bds\/files\/2016\/10\/About-the-Bruce-Drysdale-Dual-Language-Program_English_ADA.pdf\">View our BDS Dual Language Brochure (English).<\/a><\/p>\n<p><a href=\"https:\/\/www.hendersoncountypublicschoolsnc.org\/bds\/files\/2016\/10\/About-the-Bruce-Drysdale-Dual-Language-Program_Spanish_ADA.pdf\">View our BDS Dual Language Brochure (Spanish)<\/a><\/p>\n<p>The Spanish Dual Language Program is an educational model that challenges students to learn content skills in a natural way using two languages.\u00a0 The goal is to promote high academic achievement, English and Spanish language development and cross-cultural understanding.\u00a0 This program begins with two classes in kindergarten and continues through fifth grade.<\/p>\n<p>El programa de dos idiomas es un modelo de ensena\u00f1za que provee la oportunidad de aprender el contenido en dos idiomas de una manera natural.\u00a0 Las clases son la mitad del d\u00eda en espa\u00f1ol y la mitad del d\u00eda en ingl\u00e9s.\u00a0 Las metas son: sobresalir acad\u00e9micamente, desarrollar el ingl\u00e9s y el espa\u00f1ol y apreciar otras culturas.\u00a0 Este programa empieza con dos clases en kinder y continua hasta quinto grado.<\/p>\n<h2><strong>Benefits<\/strong><\/h2>\n<ul>\n<li>Bilingualism<\/li>\n<li>Improved academic performance<\/li>\n<li>Improved cognitive flexibility<\/li>\n<li>Enhanced cultural sensitivity<\/li>\n<li>Enhanced career potential<\/li>\n<\/ul>\n<h2><strong>La Ventajas<\/strong><\/h2>\n<ul>\n<li>Biling\u00fcismo<\/li>\n<li>Mejora del rendimiento acad\u00e9mico<\/li>\n<li>Mejor flexibilidad cognitiva<\/li>\n<li>Aumentar el aprecio para otras culturas<\/li>\n<li>Aumentar las oportunidades futuras para el empleo<\/li>\n<\/ul>\n","protected":false},"excerpt":{"rendered":"<p>What Is Dual Language? View our BDS Dual Language Brochure (English). View our BDS Dual Language Brochure (Spanish) The Spanish Dual Language Program is an educational model that challenges students to learn content skills in a natural way using two languages.\u00a0 The goal is to promote high academic achievement, English and Spanish language development and [&hellip;]<\/p>\n","protected":false},"author":5,"featured_media":0,"parent":1188,"menu_order":0,"comment_status":"closed","ping_status":"closed","template":"","meta":{"_acf_changed":false,"footnotes":""},"class_list":["post-1203","page","type-page","status-publish","hentry"],"acf":[],"_links":{"self":[{"href":"https:\/\/www.hendersoncountypublicschoolsnc.org\/bds\/wp-json\/wp\/v2\/pages\/1203","targetHints":{"allow":["GET"]}}],"collection":[{"href":"https:\/\/www.hendersoncountypublicschoolsnc.org\/bds\/wp-json\/wp\/v2\/pages"}],"about":[{"href":"https:\/\/www.hendersoncountypublicschoolsnc.org\/bds\/wp-json\/wp\/v2\/types\/page"}],"author":[{"embeddable":true,"href":"https:\/\/www.hendersoncountypublicschoolsnc.org\/bds\/wp-json\/wp\/v2\/users\/5"}],"replies":[{"embeddable":true,"href":"https:\/\/www.hendersoncountypublicschoolsnc.org\/bds\/wp-json\/wp\/v2\/comments?post=1203"}],"version-history":[{"count":2,"href":"https:\/\/www.hendersoncountypublicschoolsnc.org\/bds\/wp-json\/wp\/v2\/pages\/1203\/revisions"}],"predecessor-version":[{"id":2710,"href":"https:\/\/www.hendersoncountypublicschoolsnc.org\/bds\/wp-json\/wp\/v2\/pages\/1203\/revisions\/2710"}],"up":[{"embeddable":true,"href":"https:\/\/www.hendersoncountypublicschoolsnc.org\/bds\/wp-json\/wp\/v2\/pages\/1188"}],"wp:attachment":[{"href":"https:\/\/www.hendersoncountypublicschoolsnc.org\/bds\/wp-json\/wp\/v2\/media?parent=1203"}],"curies":[{"name":"wp","href":"https:\/\/api.w.org\/{rel}","templated":true}]}}