{"id":1196,"date":"2016-10-21T14:12:32","date_gmt":"2016-10-21T18:12:32","guid":{"rendered":"https:\/\/www.hendersoncountypublicschoolsnc.org\/bds\/?page_id=1196"},"modified":"2024-02-08T14:52:23","modified_gmt":"2024-02-08T19:52:23","slug":"dual-language-mission","status":"publish","type":"page","link":"https:\/\/www.hendersoncountypublicschoolsnc.org\/bds\/about\/dual-language-program-at-bruce-drysdale\/dual-language-mission\/","title":{"rendered":"Dual Language Mission"},"content":{"rendered":"<h1><strong>Dual Language Program Mission<\/strong><\/h1>\n<h2><strong>Mission Statement<\/strong><\/h2>\n<p>Our mission is to facilitate high student academic achievement, promote language development in English and Spanish, and instill cross-cultural understanding among our students so the will succeed in a culturally-diverse world.<\/p>\n<h2><strong>Nuestra misi\u00f3n<\/strong><\/h2>\n<p>La misi\u00f3n del programa de dos idiomas es el \u00e9xito acad\u00e9mico, el desarrollo del idioma ingl\u00e9s y el espa\u00f1ol, y la comprehensi\u00f3n multi-cultural para que los ni\u00f1os tengan \u00e9xito en un mundo con culturas diversas.<\/p>\n","protected":false},"excerpt":{"rendered":"<p>Dual Language Program Mission Mission Statement Our mission is to facilitate high student academic achievement, promote language development in English and Spanish, and instill cross-cultural understanding among our students so the will succeed in a culturally-diverse world. Nuestra misi\u00f3n La misi\u00f3n del programa de dos idiomas es el \u00e9xito acad\u00e9mico, el desarrollo del idioma ingl\u00e9s [&hellip;]<\/p>\n","protected":false},"author":5,"featured_media":0,"parent":1188,"menu_order":0,"comment_status":"closed","ping_status":"closed","template":"","meta":{"_acf_changed":false,"footnotes":""},"class_list":["post-1196","page","type-page","status-publish","hentry"],"acf":[],"_links":{"self":[{"href":"https:\/\/www.hendersoncountypublicschoolsnc.org\/bds\/wp-json\/wp\/v2\/pages\/1196","targetHints":{"allow":["GET"]}}],"collection":[{"href":"https:\/\/www.hendersoncountypublicschoolsnc.org\/bds\/wp-json\/wp\/v2\/pages"}],"about":[{"href":"https:\/\/www.hendersoncountypublicschoolsnc.org\/bds\/wp-json\/wp\/v2\/types\/page"}],"author":[{"embeddable":true,"href":"https:\/\/www.hendersoncountypublicschoolsnc.org\/bds\/wp-json\/wp\/v2\/users\/5"}],"replies":[{"embeddable":true,"href":"https:\/\/www.hendersoncountypublicschoolsnc.org\/bds\/wp-json\/wp\/v2\/comments?post=1196"}],"version-history":[{"count":1,"href":"https:\/\/www.hendersoncountypublicschoolsnc.org\/bds\/wp-json\/wp\/v2\/pages\/1196\/revisions"}],"predecessor-version":[{"id":2709,"href":"https:\/\/www.hendersoncountypublicschoolsnc.org\/bds\/wp-json\/wp\/v2\/pages\/1196\/revisions\/2709"}],"up":[{"embeddable":true,"href":"https:\/\/www.hendersoncountypublicschoolsnc.org\/bds\/wp-json\/wp\/v2\/pages\/1188"}],"wp:attachment":[{"href":"https:\/\/www.hendersoncountypublicschoolsnc.org\/bds\/wp-json\/wp\/v2\/media?parent=1196"}],"curies":[{"name":"wp","href":"https:\/\/api.w.org\/{rel}","templated":true}]}}